{"id":4420,"date":"2018-06-04T13:41:28","date_gmt":"2018-06-04T13:41:28","guid":{"rendered":"https:\/\/museupelligualada.cat\/avis-legal\/"},"modified":"2020-04-24T14:59:34","modified_gmt":"2020-04-24T14:59:34","slug":"avis-legal","status":"publish","type":"page","link":"https:\/\/museupelligualada.cat\/es\/avis-legal\/","title":{"rendered":"Av\u00eds legal i privacitat"},"content":{"rendered":"\n  <div class=\"banner has-hover\" id=\"banner-630336303\">\n          <div class=\"banner-inner fill\">\n        <div class=\"banner-bg fill\" >\n            <div class=\"bg fill bg-fill \"><\/div>\n                        <div class=\"overlay\"><\/div>            \n                    <\/div><!-- bg-layers -->\n        <div class=\"banner-layers container\">\n            <div class=\"fill banner-link\"><\/div>            \n   <div id=\"text-box-1534088093\" class=\"text-box banner-layer x50 md-x50 lg-x50 y50 md-y50 lg-y50 res-text\">\n                     <div data-animate=\"none\">           <div class=\"text dark\">\n              \n              <div class=\"text-inner text-right\">\n                  \n<p><!--\n\n\n<h2 class=\"majuscules \" style=\"text-align: right;\">Escoles<\/h2>\n\n\n\n\n<div class=\"submenu\"><a class=\"_ps2id\" href=\"#Oferta-educativa\">Oferta educativa<\/a> <a class=\"_ps2id\" href=\"#Atencio\u0301-docents-alumnes\">Atencio\u0301 a docents i alumnes<\/a> <a class=\"_ps2id\" href=\"#Recursos-educatius\">Recursos educatius<\/a><\/div>\n\n\n--><\/p>\n              <\/div>\n           <\/div><!-- text-box-inner -->\n       <\/div>                     \n<style scope=\"scope\">\n\n#text-box-1534088093 .text-inner {\n  padding: 120px 30px 30px 30px;\n}\n#text-box-1534088093 {\n  width: 100%;\n}\n#text-box-1534088093 .text {\n  font-size: 100%;\n}\n<\/style>\n    <\/div><!-- text-box -->\n \n        <\/div><!-- .banner-layers -->\n      <\/div><!-- .banner-inner -->\n\n            \n<style scope=\"scope\">\n\n#banner-630336303 {\n  padding-top: 500px;\n}\n#banner-630336303 .bg.bg-loaded {\n  background-image: url(https:\/\/museupelligualada.cat\/wp-content\/uploads\/Museu-Pell-exterior-pati-herba.jpg);\n}\n#banner-630336303 .overlay {\n  background-color: rgba(0, 0, 0, 0.51);\n}\n<\/style>\n  <\/div><!-- .banner -->\n\n\n<div class=\"row\"  id=\"row-863473113\">\n<div class=\"gap-element\" style=\"display:block; height:auto; padding-top:60px\" class=\"clearfix\"><\/div>\n<h2 id=\"Noticies\" class=\"thin-font\" style=\"text-align: center;\">Aviso legal y privacidad<\/h2>\n<h6 style=\"text-align: center;\">Inici &gt; Av\u00eds legal i privacitat<\/h6>\n<div class=\"gap-element\" style=\"display:block; height:auto; padding-top:60px\" class=\"clearfix\"><\/div>\n<div class=\"col medium-1\/1 large-12\"  ><div class=\"col-inner\"  >\n<p>La titularitat d&#8217;aquest domini i web pertany a l\u2019Ajuntament d&#8217;Igualada amb domicili a la Pla\u00e7a de l\u2019Ajuntament, n\u00fam. 1 , 08700 IGUALADA.<\/p>\n<p class=\" text-justify\">Aquest lloc Web i tots els seus continguts, incloent els textos, imatges, codis, i qualsevol altre material, s\u00f3n propietat de l\u2019<a href=\"http:\/\/www.igualada.cat\/ca\/avis-legal\" target=\"_blank\" rel=\"noopener noreferrer\">Ajuntament d&#8217;Igualada<\/a> o de tercers que hagin autoritzat el seu \u00fas. La utilitzaci\u00f3 de la Web atribueix la condici\u00f3 d\u2019usuari a tota persona que accedeixi a la mateixa i implica l\u2019acceptaci\u00f3 sense reserves de les presents condicions generals.<\/p>\n<p class=\" text-justify\">La informaci\u00f3 i elements divulgats a trav\u00e9s d\u2019aquestes p\u00e0gines es troben protegits per \u00a0les lleis espanyoles i internacionals sobre Propietat Industrial i Intel\u00b7lectual. De tal forma que es prohibeix la seva reproducci\u00f3, distribuci\u00f3, comercialitzaci\u00f3 o transformaci\u00f3 no autoritzada d\u2019aquestes obres, a no ser que el seu \u00fas sigui personal i privat. La utilitzaci\u00f3 no autoritzada de la informaci\u00f3 continguda en aquest lloc Web, aix\u00ed com els perjudicis ocasionats en els drets de la propietat intel\u00b7lectual i industrial dels seus titulars, poden donar lloc a l\u2019exercici d\u2019accions que legalment corresponguin i, si procedeix, a les responsabilitats que de l\u2019esmentat exercici es derivin.<\/p>\n<p class=\" text-justify\">Per reproduir o utilitzar la informaci\u00f3 continguda en aquest lloc Web de manera autoritzada, hauran, en tot moment, citar-se la font i \/ o autor origen de la informaci\u00f3.<br \/>\nLes p\u00e0gines d\u2019Igualada.cat poden ser visitades lliurement pels usuaris, excloent-se aquelles que es trobin en \u00e0rees tancades, o que exigeixin la inscripci\u00f3 en un registre que s\u2019efectuar\u00e0 en la forma expressament indicada en el propi servei o en les condicions particular que ho regulin.<\/p>\n<p class=\" text-justify\">L\u2019usuari es compromet a no utilitzar els serveis per a la realitzaci\u00f3 d\u2019activitats contr\u00e0ries a les lleis, a la moral, a l\u2019ordre p\u00fablic i, en general, a fer un \u00fas conforme aquests termes generals.<\/p>\n<p class=\" text-justify\">L\u2019Ajuntament d&#8217;Igualada no es fa responsable dels danys i perjudicis, directes o indirectes, derivats de l\u2019\u00fas d\u2019aquest lloc Web, fins i tot danys a sistemes inform\u00e0tics. Alhora es reserva el dret a modificar en qualsevol moment els continguts mostrats.<\/p>\n<p class=\" text-justify\">Sense perjudici del que hi consta a la seu electr\u00f2nica que es regeix per la seva normativa espec\u00edfica, el contingut d\u2019aquesta Web s\u2019emet a efectes simplement informatius i no substitueix la publicitat legal de les lleis, de \u00a0les disposicions i dels actes que hagin de ser publicats formalment en un Butllet\u00ed oficial. Encara que s\u2019efectuaran els esfor\u00e7os precisos per tal que la informaci\u00f3 continguda sigui exacta i actualitzada, l\u2019Ajuntament no garanteix la inexist\u00e8ncia d\u2019errades en el contingut d\u2019aquest lloc, ni que es trobi totalment actualitzat. \u00danicament, els textos publicats en les edicions impreses del BOP o d\u2019altres Butlletins oficials tenen car\u00e0cter aut\u00e8ntic i validesa oficial. No obstant, \u00a0els continguts relatius al perfil del contractant i en mat\u00e8ria urban\u00edstica ( art. 8.5 DL 1\/ 2010, de 3 d\u2019Agost \u00a0i 23 Decret 305\/2006) \u00a0compleixen els requisits exigits per la normativa en vigor per la seva validesa, encara que no estiguin publicats en la seu electr\u00f3nica de l\u2019Ajuntament d\u2019Igualada i els seus organismes aut\u00f2noms dependents.<\/p>\n<p class=\" text-justify\">L\u2019Ajuntament d&#8217;Igualada no assumeix cap responsabilitat derivada de la connexi\u00f3 als continguts dels enlla\u00e7os a tercers . Reconeix que els drets de la propietat intel\u00b7lectual i industrial de les p\u00e0gines enlla\u00e7ades pertanyen als seus respectius autors i propietaris, i a petici\u00f3 de qualsevol d\u2019ells, l\u2019enlla\u00e7 o enlla\u00e7os es retiraran de manera immediata.<\/p>\n<h3 class=\" text-justify\">INFORMACI\u00d3 SOBRE PROTECCI\u00d3 DE DADES PERSONALS<\/h3>\n<p>L\u2019Ajuntament d\u2019Igualada, a trav\u00e9s de la seva p\u00e0gina web\u00a0garanteix un nivell adequat de protecci\u00f3 de les persones f\u00edsiques titulars de les dades, d\u2019acord amb el que estableix el Reglament General de Protecci\u00f3 de Dades (679\/2016) amb total lleialtat, licitud i transpar\u00e8ncia.<\/p>\n<p><b>Responsable del tractament<\/b><\/p>\n<ul>\n<li><b>Identitat:\u00a0<\/b>Ajuntament d\u2019Igualada<\/li>\n<li><b>NIF:<\/b>\u00a0P0810100H<\/li>\n<li><b>Adre\u00e7a postal:\u00a0<\/b>Pla\u00e7a de l\u2019Ajuntament, 1 &#8211; 08700 Igualada.<\/li>\n<li><b>Tel\u00e8fon<\/b>: 938031950<\/li>\n<\/ul>\n<p><b>Finalitat del tractament de les seves dades i conservaci\u00f3:<\/b><\/p>\n<p>L\u2019Ajuntament d\u2019Igualada tracta les dades personals dels interessats a trav\u00e9s de la seva p\u00e0gina web municipal amb la finalitat d\u2019atendre les seves sol\u00b7licituds d\u2019informaci\u00f3 a trav\u00e9s del nostre formulari de contacte. Conservarem les dades recollides per a aquesta finalitat durant el per\u00edode de temps requerit per atendre i gestionar la seva sol\u00b7licitud.<\/p>\n<p><b>Legitimaci\u00f3 per al tractament<\/b><\/p>\n<p>La base jur\u00eddica per al tractament de les seves dades \u00e9s l\u2019exercici de les funcions publiques que ens s\u00f3n pr\u00f2pies com a Administraci\u00f3 Local.<\/p>\n<p><b>Destinataris de les seves dades<\/b><\/p>\n<p>Les seves dades \u00fanicament seran cedides a altres administracions publiques quan l\u2019exercici de les funcions publiques ho requereixi o per obligaci\u00f3 legal. En cap altre cas cedirem les seves dades a tercers p\u00fablics o privats.<\/p>\n<p><b>Drets dels interessats<\/b><\/p>\n<p>Com a usuari del web, t\u00e9 dret a accedir, rectificar o sol\u00b7licitar la supressi\u00f3 de les seves dades, quan consideri que ja no s\u00f3n necess\u00e0ries per la finalitat per la qual van ser recollides a sol\u00b7licitar la limitaci\u00f3 del tractament de les mateixes, que en tal cas nom\u00e9s es conservaran les estrictament necess\u00e0ries per portar a terme l\u2019exercici de possibles reclamacions i a sol\u00b7licitar la portabilitat de les seves dades. Per poder exercir aquests drets s\u2019ha de posar en contacte amb l\u2019Ajuntament d\u2019Igualada dirigint-se a l\u2019<b>Oficina d&#8217;Atenci\u00f3 al Ciutad\u00e0 (OAC), Pla\u00e7a de l&#8217;Ajuntament, 1 Planta Baixa<\/b><b>, Igualada\u00a0<\/b>o a trav\u00e9s de la nostra seu electr\u00f2nica amb els formularis destinats a tal fi.<\/p>\n<p>Aix\u00ed mateix, en cas de no estar satisfet amb l\u2019atenci\u00f3 de la seva sol\u00b7licitud de drets, t\u00e9 dret a presentar una reclamaci\u00f3 davant l\u2019Autoritat Catalana de Protecci\u00f3 de Dades a trav\u00e9s de la seva web\u00a0<a href=\"http:\/\/www.apd.cat\/\">www.apd.cat<\/a>.<\/p>\n<\/div><\/div>\n<\/div>\n<p><!-- Global site tag (gtag.js) - Google Analytics --><br \/>\n<script async src=\"https:\/\/www.googletagmanager.com\/gtag\/js?id=UA-126785217-1\"><\/script><br \/>\n<script>\n  window.dataLayer = window.dataLayer || [];\n  function gtag(){dataLayer.push(arguments);}\n  gtag('js', new Date());<\/p>\n<p>  gtag('config', 'UA-126785217-1');\n<\/script><\/p>\n","protected":false},"excerpt":{"rendered":"","protected":false},"author":1,"featured_media":0,"parent":0,"menu_order":0,"comment_status":"closed","ping_status":"closed","template":"page-transparent-header.php","meta":{"footnotes":""},"class_list":["post-4420","page","type-page","status-publish","hentry"],"_links":{"self":[{"href":"https:\/\/museupelligualada.cat\/es\/wp-json\/wp\/v2\/pages\/4420","targetHints":{"allow":["GET"]}}],"collection":[{"href":"https:\/\/museupelligualada.cat\/es\/wp-json\/wp\/v2\/pages"}],"about":[{"href":"https:\/\/museupelligualada.cat\/es\/wp-json\/wp\/v2\/types\/page"}],"author":[{"embeddable":true,"href":"https:\/\/museupelligualada.cat\/es\/wp-json\/wp\/v2\/users\/1"}],"replies":[{"embeddable":true,"href":"https:\/\/museupelligualada.cat\/es\/wp-json\/wp\/v2\/comments?post=4420"}],"version-history":[{"count":0,"href":"https:\/\/museupelligualada.cat\/es\/wp-json\/wp\/v2\/pages\/4420\/revisions"}],"wp:attachment":[{"href":"https:\/\/museupelligualada.cat\/es\/wp-json\/wp\/v2\/media?parent=4420"}],"curies":[{"name":"wp","href":"https:\/\/api.w.org\/{rel}","templated":true}]}}