{"id":4438,"date":"2018-02-08T11:55:49","date_gmt":"2018-02-08T11:55:49","guid":{"rendered":"https:\/\/museupelligualada.cat\/informacio\/"},"modified":"2020-05-12T13:07:52","modified_gmt":"2020-05-12T13:07:52","slug":"informacio","status":"publish","type":"page","link":"https:\/\/museupelligualada.cat\/es\/informacio\/","title":{"rendered":"Informaci\u00f3n"},"content":{"rendered":"\n  <div class=\"banner has-hover\" id=\"banner-1939445022\">\n          <div class=\"banner-inner fill\">\n        <div class=\"banner-bg fill\" >\n            <div class=\"bg fill bg-fill \"><\/div>\n                        <div class=\"overlay\"><\/div>            \n                    <\/div><!-- bg-layers -->\n        <div class=\"banner-layers container\">\n            <div class=\"fill banner-link\"><\/div>            \n   <div id=\"text-box-1165564680\" class=\"text-box banner-layer x50 md-x50 lg-x50 y50 md-y50 lg-y50 res-text\">\n                     <div data-animate=\"none\">           <div class=\"text dark\">\n              \n              <div class=\"text-inner text-right\">\n                  \n              <\/div>\n           <\/div><!-- text-box-inner -->\n       <\/div>                     \n<style scope=\"scope\">\n\n#text-box-1165564680 .text-inner {\n  padding: 120px 30px 30px 30px;\n}\n#text-box-1165564680 {\n  width: 100%;\n}\n#text-box-1165564680 .text {\n  font-size: 100%;\n}\n<\/style>\n    <\/div><!-- text-box -->\n \n        <\/div><!-- .banner-layers -->\n      <\/div><!-- .banner-inner -->\n\n            \n<style scope=\"scope\">\n\n#banner-1939445022 {\n  padding-top: 500px;\n}\n#banner-1939445022 .bg.bg-loaded {\n  background-image: url(https:\/\/museupelligualada.cat\/wp-content\/uploads\/Museu-Pell-exterior-pati-herba.jpg);\n}\n#banner-1939445022 .overlay {\n  background-color: rgba(0, 0, 0, 0.66);\n}\n#banner-1939445022 .bg {\n  background-position: 65% 43%;\n}\n<\/style>\n  <\/div><!-- .banner -->\n\n\n<div class=\"gap-element\" style=\"display:block; height:auto; padding-top:60px\" class=\"clearfix\"><\/div>\n<h2 id=\"Com-arribar\" style=\"text-align: center;\">C\u00f3mo llegar<\/h2>\n<h6 style=\"text-align: center;\">Inicio &gt; Informaci\u00f3n &gt; C\u00f3mo llegar<\/h6>\n<div class=\"gap-element\" style=\"display:block; height:auto; padding-top:60px\" class=\"clearfix\"><\/div>\n<div class=\"row\"  id=\"row-810263096\">\n<div class=\"col medium-6 small-12 large-6\"  ><div class=\"col-inner\"  >\n<p><strong>Museo de la Piel de Igualada<br \/>\ny Comarcal de l\u2019Anoia<\/strong><\/p>\n<p><strong>C\/ Dr. Joan Mercader, 1<\/strong><\/p>\n<p><a href=\"https:\/\/www.google.com\/maps\/embed?pb=!1m18!1m12!1m3!1d1492.3143828782704!2d1.613439474767631!3d41.57727849618578!2m3!1f0!2f0!3f0!3m2!1i1024!2i768!4f13.1!3m3!1m2!1s0x0%3A0xc42d5e541155dcd3!2sMuseu+de+la+Pell+d%27Igualada+i+Comarcal+de+l%27Anoia!5e0!3m2!1ses!2sus!4v1491849463835\"><strong>08700 Igualada \u2013 Barcelona<\/strong><\/a><\/p>\n<p><a href=\"tel:+34938046752\"><strong>+34 938 046 752<\/strong><\/a><\/p>\n<p><a href=\"mailto:m.igualada@diba.cat\"><strong>m.igualada@diba.cat<\/strong><\/a><\/p>\n<p><a href=\"http:\/\/www.museupelligualada.cat\/\"><strong>www.museupelligualada.cat\/es<\/strong><\/a><\/p>\n<p><a href=\"https:\/\/www.facebook.com\/MuseuPellIgualada\/?fref=ts\"><strong>facebook.com\/Museupelligualada<\/strong><\/a><\/p>\n<\/div><\/div>\n<div class=\"col medium-6 small-12 large-6\"  ><div class=\"col-inner\"  >\n<p>El Museo est\u00e1 situado en el centro del barrio del Rec de Igualada, a 400 m del n\u00facleo urbano (plaza del Ayuntamiento).<\/p>\n<p><strong>Turismos<\/strong>. P\u00e1rquing gratuito a pocos metros del Museo (200 m), en el cruce de la calle Sant Faust con la del Rec.<\/p>\n<p><strong>Hispano Igualadina<\/strong>. L\u00ednea regular de autobuses.<br \/>\n<a href=\"http:\/\/www.igualadina.com\/index.php?idioma=esp\">http:\/\/www.igualadina.com\/<\/a><\/p>\n<p><strong>Ferrocarriles de la Generalitat de Catalunya<\/strong>. Se puede comprar un billete combinado que incluye la entrada al Museo y el trayecto de ida y vuelta hasta Igualada en tren, y hasta los museos, en autob\u00fas, as\u00ed como la entrada al Museu del Traginer (\u2018museo del arriero\u2019).<br \/>\n<a href=\"http:\/\/turistren.cat\/index.php\/fitxa\/igualada-museus\/?lang=es\">http:\/\/turistren.cat\/index.php\/fitxa\/igualada-museus\/<\/a><\/p>\n<\/div><\/div>\n<\/div>\n<div class=\"gap-element\" style=\"display:block; height:auto; padding-top:30px\" class=\"clearfix\"><\/div>\n<div class=\"gap-element\" style=\"display:block; height:auto; padding-top:60px\" class=\"clearfix\"><\/div>\n<h2 id=\"Horaris-preus\" style=\"text-align: center;\">Horarios<\/h2>\n<h6 style=\"text-align: center;\">Inicio &gt; Informaci\u00f3n &gt; Horarios<\/h6>\n<div class=\"gap-element\" style=\"display:block; height:auto; padding-top:60px\" class=\"clearfix\"><\/div>\n<div class=\"row\"  id=\"row-1510658419\">\n<div class=\"col medium-1\/1 large-12\"  ><div class=\"col-inner\"  >\n<p><strong>Museo de la Piel (edificio de Cal Boyer)<\/strong><\/p>\n<p>De martes a viernes: de 10 a 14 h.<br \/>\nJueves y viernes por la tarde: de 16 a 18.30 h (exposiciones temporales hasta las 20 h) \/ julio y agosto cerrado.<br \/>\nS\u00e1bados, domingos y festivos: de 11 a 14 h.<\/p>\n<p><strong>Cal Granotes (punto de salida: edificio de Cal Boyer)<\/strong><\/p>\n<p>De martes a domingo y festivos: de 12 a 14 h.<br \/>\nJueves y viernes por la tarde: de 17 a 18.30 h \/ julio y agosto cerrado.<\/p>\n<p><strong>D\u00edas de cierre<\/strong><\/p>\n<p>Todos los lunes y los d\u00edas 1, 5 (tarde) y 6 de enero; martes de Pascua; 24, 25, 26 y 31 de diciembre.<br \/>\nCasa de la Festa, cerrado en agosto.<\/p>\n<p><strong>Otros equipamientos culturales gestionados por el Museo<\/strong><\/p>\n<p>(Villa romana de l\u2019Espelt, La Igualadina Algodonera, Gas\u00f3geno de Cal Pasqual, iglesia de Sant Jaume Sesoliveres).<br \/>\nSe abre para grupos, con concertaci\u00f3n previa, llamando al tel.\u00a0<a href=\"tel:+34938046752\">938046752<\/a>\u00a0o enviando un correo a\u00a0<a href=\"mailto:m.igualada@diba.cat\">m.igualada@diba.cat<\/a>.<\/p>\n<div class=\"gap-element\" style=\"display:block; height:auto; padding-top:60px\" class=\"clearfix\"><\/div>\n<h2 style=\"text-align: center;\">Precios<\/h2>\n<h6 style=\"text-align: center;\">Inicio &gt; Informaci\u00f3n &gt; Precios<\/h6>\n<div class=\"gap-element\" style=\"display:block; height:auto; padding-top:60px\" class=\"clearfix\"><\/div>\n\n\t\t<div class=\"tabbed-content\">\n\t\t\t\n\t\t\t<ul class=\"nav nav-line nav-vertical nav-uppercase nav-size-normal nav-left\"><li class=\"tab active has-icon\"><a href=\"#tab_tiquets-generals\"><span>Tiquets generals<\/span><\/a><\/li>\n<li class=\"tab has-icon\"><a href=\"#tab_visitas-comentadas\"><span>Visitas comentadas<\/span><\/a><\/li>\n<li class=\"tab has-icon\"><a href=\"#tab_tiquets-escolares\"><span>Tiquets escolares<\/span><\/a><\/li><\/ul><div class=\"tab-panels\"><div class=\"panel active entry-content\" id=\"tab_tiquets-generals\">\n<p><strong>Precios por persona.\u00a0Visita libre al Museo de la Piel y Cal Granotes.<\/strong><\/p>\n<p><strong>Tiquet individual<\/strong><br \/>\n4 \u20ac<\/p>\n<p><strong>Tiquet reducido<\/strong><br \/>\n2 \u20ac<\/p>\n<p>J\u00f3venes de 12 a 16 a\u00f1os, carnet de estudiante, <em>carnet jove<\/em>, familia numerosa, jubilados, desempleados y miembros del Club Xarxa Turisme Industrial de Catalunya.<\/p>\n<p><strong>Entrada gratuita<\/strong><\/p>\n<p>Ni\u00f1os hasta los 12 a\u00f1os, docentes, miembros del ICOM, miembros de la Asociacio\u0301n de Muse\u00f3logos de Catalunya.<\/p>\n<p><strong>Billete combinado con FGC<\/strong>. Incluye ida y vuelta en tren hasta Igualada, ida y vuelta en autob\u00fas hasta los museos y las entradas al Museo de la Piel y al Museo del Traginer (\u2018arriero\u2019).<br \/>\n<a class=\"_ps2id\" href=\"http:\/\/turistren.cat\/index.php\/fitxa\/igualada-museus\/?lang=es\" target=\"_blank\" rel=\"noopener noreferrer\">http:\/\/turistren.cat\/index.php\/fitxa\/igualada-museus\/?lang=es<\/a><\/p>\n<p><strong>\u00a0<\/strong><\/p>\n<\/div>\n<div class=\"panel entry-content\" id=\"tab_visitas-comentadas\">\n<h4>Visitas comentadas, con reserva previa (m\u00ednimo 10 personas)<\/h4>\n<p><strong>Visita comentada a 1 espacio<\/strong>*<br \/>\n4 \u20ac<br \/>\n<strong>Visita comentada a 2 espacios<\/strong>*<br \/>\n5,50 \u20ac<br \/>\n<strong>Tiquet reduicido. <\/strong><strong>Visita comentada hasta a 2 espaicios<\/strong>*<br \/>\n3 \u20ac<\/p>\n<p>J\u00f3venes de 12 a 16 a\u00f1os, carn\u00e9 de estudiante, Carnet Jove, familia numerosa, jubilados, parados y miembros del Club Red Turismo Industrial de Catalu\u00f1a. * Espacios visitables: Curtidur\u00eda de Cal Granotes, Sala El oficio de curtidor, Sala Un universo de piel y el espacio El hombre y el agua.<br \/>\n<span style=\"color: #333333;\"><\/div>\n<div class=\"panel entry-content\" id=\"tab_tiquets-escolares\"><\/h4>\n<h4>Tiquets escolares (precio por alumno\/a). Monitoraje y material incluido.<\/h4>\n<p><strong>Visita comentada<\/strong><br \/>\n1,70 \u20ac<br \/>\n<strong>Visita comentada y taller<\/strong><br \/>\n4 \u20ac<br \/>\n<strong>Visita comentada en ingl\u00e9s<\/strong><br \/>\n3 \u20ac<br \/>\n<strong>Visita comentada y taller en ingl\u00e9s<\/strong><\/p>\n<p>4,50 \u20ac<br \/>\n<strong>Visita comentada a \u00abLa Casa de la Festa\u00bb<\/strong><br \/>\n15 \u20ac\/grupo<\/p>\n<\/div><\/div><\/div>\n<div class=\"gap-element\" style=\"display:block; height:auto; padding-top:0px\" class=\"clearfix\"><\/div>\n<\/div><\/div>\n<\/div>\n<div class=\"gap-element\" style=\"display:block; height:auto; padding-top:60px\" class=\"clearfix\"><\/div>\n<h2 id=\"Serveis-accessibilitat\" style=\"text-align: center;\">Servicios<\/h2>\n<h6 style=\"text-align: center;\">Inici &gt; Informaci\u00f3n &gt; Servicios<\/h6>\n<div class=\"gap-element\" style=\"display:block; height:auto; padding-top:60px\" class=\"clearfix\"><\/div>\n<div class=\"row\"  id=\"row-513844198\">\n<div class=\"col medium-1\/1 large-12\"  ><div class=\"col-inner\"  >\n<p><strong>Concertacio\u0301n de visitas guiadas y para grupos<\/strong><br \/>\nEl Museo organiza visitas guiadas para grupos (mi\u0301nimo 10 personas), previa concertacio\u0301n en el tel.\u00a0<a href=\"tel:+34938046752\">938046752<\/a>\u00a0o en\u00a0<a href=\"mailto:m.igualada@diba.cat\">m.igualada@diba.cat<\/a>.<\/p>\n<p><strong>Folletos de sala<\/strong><br \/>\nEn las distintas salas del Museo, se dispone de folletos explicativos en catal\u00e1n, castellano e ingl\u00e9s.<\/p>\n<p><strong>Wifi gratuito<\/strong><br \/>\nTodas las salas del Museo de la Piel (Cal Boyer) cuentan con conexio\u0301n wifi gratuita.<\/p>\n<p><strong>Consigna y guardarropa <\/strong><br \/>\nEl Museo dispone de guardarropa y consigna para dejar las pertenencias. Por razones de seguridad, es necesario depositar los paraguas y bolsos, as\u00ed como mochilas o paquetes que excedan del tama\u00f1o de 40 x 40 cm.<\/p>\n<p><strong>Recibir informacio\u0301n sobre las actividades del Museo<\/strong><br \/>\nSi desea recibir informacio\u0301n sobre las actividades que organiza el Museo, puede rellenar este\u00a0<u><a href=\"http:\/\/museupelligualada.cat\/newsletter\/\">formulari<\/a><a class=\"_ps2id\" href=\"http:\/\/museupelligualada.cat\/newsletter\/\" data-ps2id-offset=\"\">o<\/a>\u00a0<\/u><\/p>\n<p>Newsletter solo disponible en catal\u00e1n.<\/p>\n<div class=\"gap-element\" style=\"display:block; height:auto; padding-top:60px\" class=\"clearfix\"><\/div>\n<h2 style=\"text-align: center;\">Accesiblidad<\/h2>\n<h6 style=\"text-align: center;\">Inici &gt; Informaci\u00f3n &gt; Accesiblidad<\/h6>\n<div class=\"gap-element\" style=\"display:block; height:auto; padding-top:60px\" class=\"clearfix\"><\/div>\n<h6><\/h6>\n<p>Para los visitantes que lo precisen, el Museo cuenta con rampas de acceso, ascensores y silla de ruedas para facilitar la accesibilidad a las salas de exposicio\u0301n. Tambie\u0301n trabaja de modo continuo para hacer m\u00e1s accesible la informacio\u0301n, los contenidos y las actividades a todas las personas.<\/p>\n<\/div><\/div>\n<div class=\"gap-element\" style=\"display:block; height:auto; padding-top:60px\" class=\"clearfix\"><\/div>\n<h2 id=\"Mirada-tactil\" style=\"text-align: center;\">Mirada t\u00e1ctil<\/h2>\n<h6 style=\"text-align: center;\">Inici &gt; Informaci\u00f3n &gt; Mirada t\u00e1ctil<\/h6>\n<div class=\"col medium-1\/1 large-12\"  ><div class=\"col-inner\"  >\n<div class=\"gap-element\" style=\"display:block; height:auto; padding-top:60px\" class=\"clearfix\"><\/div>\n<p>La Mirada T\u00e1ctil es un proyecto desarrollado por la Oficina de Patrimonio Cultural de la Diputacio\u0301n de Barcelona, en que participa el Museo de la Piel de Igualada, y que consiste en la presentacio\u0301n t\u00e1ctil del fondo y los contenidos del museo, como elemento de inclusio\u0301n para asegurar la accesibilidad cultural a todos los visitantes. Incluye recursos t\u00e1ctiles, visuales, auditivos y de lectura en Braille.<\/p>\n<p>Se puede acceder a todos los v\u00eddeos en:<br \/>\n<a href=\"https:\/\/www.youtube.com\/watch?v=TA1Byf4Ay8A&amp;list=PLRox57axYYj23DDbiH0BuIPyPvkxpzDYb\">https:\/\/www.youtube.com\/watch?v=TA1Byf4Ay8A&amp;list=PLRox57axYYj23DDbiH0BuIPyPvkxpzDYb<\/a><\/p>\n\n  <div class=\"banner has-hover\" id=\"banner-639819988\">\n          <div class=\"banner-inner fill\">\n        <div class=\"banner-bg fill\" >\n            <div class=\"bg fill bg-fill \"><\/div>\n              <div class=\"video-overlay no-click fill\"><\/div>\n  <div id=\"ytplayer-479\" class=\"ux-youtube fill object-fit hide-for-small\" data-videoid=\"TA1Byf4Ay8A\" data-loop=\"1\" data-audio=\"0\"><\/div>\n                        \n                    <\/div><!-- bg-layers -->\n        <div class=\"banner-layers container\">\n            <div class=\"fill banner-link\"><\/div>            \n   <div id=\"text-box-1788982138\" class=\"text-box banner-layer x50 md-x50 lg-x50 y50 md-y50 lg-y50 res-text\">\n                                <div class=\"text dark\">\n              \n              <div class=\"text-inner text-center\">\n                  \n<h3><strong>Mirada T\u00c1Ctil<\/strong><\/h3>\n              <\/div>\n           <\/div><!-- text-box-inner -->\n                            \n<style scope=\"scope\">\n\n#text-box-1788982138 {\n  width: 60%;\n}\n#text-box-1788982138 .text {\n  font-size: 100%;\n}\n<\/style>\n    <\/div><!-- text-box -->\n \n        <\/div><!-- .banner-layers -->\n      <\/div><!-- .banner-inner -->\n\n            \n<style scope=\"scope\">\n\n#banner-639819988 {\n  padding-top: 600px;\n}\n<\/style>\n  <\/div><!-- .banner -->\n\n\n<div class=\"gap-element\" style=\"display:block; height:auto; padding-top:0px\" class=\"clearfix\"><\/div>\n<\/div><\/div>\n<\/div>\n<div class=\"gap-element\" style=\"display:block; height:auto; padding-top:60px\" class=\"clearfix\"><\/div>\n<h2 style=\"text-align: center;\">Contacto<\/h2>\n<h6 style=\"text-align: center;\">Inici &gt; Informaci\u00f3n &gt; Contacto<\/h6>\n<div class=\"gap-element\" style=\"display:block; height:auto; padding-top:60px\" class=\"clearfix\"><\/div>\n<div class=\"row\"  id=\"row-2105713945\">\n<div class=\"col medium-4 small-12 large-4\"  ><div class=\"col-inner\"  >\n\t<div class=\"img has-hover x md-x lg-x y md-y lg-y\" id=\"image_1749724267\">\n\t\t\t\t\t\t\t\t<div class=\"img-inner dark\" style=\"margin:-8px 0px -5px 0px;\">\n\t\t\t<img loading=\"lazy\" decoding=\"async\" width=\"863\" height=\"649\" src=\"https:\/\/museupelligualada.cat\/wp-content\/uploads\/Museu-Pell-Igualada-logo-Negre-text.png\" class=\"attachment-large size-large\" alt=\"\" srcset=\"https:\/\/museupelligualada.cat\/wp-content\/uploads\/Museu-Pell-Igualada-logo-Negre-text.png 863w, https:\/\/museupelligualada.cat\/wp-content\/uploads\/Museu-Pell-Igualada-logo-Negre-text-340x256.png 340w, https:\/\/museupelligualada.cat\/wp-content\/uploads\/Museu-Pell-Igualada-logo-Negre-text-800x602.png 800w, https:\/\/museupelligualada.cat\/wp-content\/uploads\/Museu-Pell-Igualada-logo-Negre-text-768x578.png 768w\" sizes=\"auto, (max-width: 863px) 100vw, 863px\" \/>\t\t\t\t\t\t\n\t\t\t\t\t<\/div>\n\t\t\t\t\t\t\t\t\n<style scope=\"scope\">\n\n#image_1749724267 {\n  width: 100%;\n}\n<\/style>\n\t<\/div>\n\t\n<\/div><\/div>\n<div class=\"col medium-4 small-12 large-4\"  ><div class=\"col-inner\"  >\n<p><strong>Museo de la Piel de Igualada<\/strong><br \/>\n<strong>y Comarcal de l\u2019Anoia<\/strong><\/p>\n<p><strong>C\/ Dr. Joan Mercader, 1<\/strong><\/p>\n<p><a href=\"https:\/\/www.google.com\/maps\/embed?pb=!1m18!1m12!1m3!1d1492.3143828782704!2d1.613439474767631!3d41.57727849618578!2m3!1f0!2f0!3f0!3m2!1i1024!2i768!4f13.1!3m3!1m2!1s0x0%3A0xc42d5e541155dcd3!2sMuseu+de+la+Pell+d%27Igualada+i+Comarcal+de+l%27Anoia!5e0!3m2!1ses!2sus!4v1491849463835\" data-line-height=\"xs\"><strong>08700 Igualada \u2013 Barcelona<\/strong><\/a><\/p>\n<p data-line-height=\"xs\"><a href=\"tel:+34938046752\"><strong>+34 938 046 752<\/strong><\/a><\/p>\n<p data-line-height=\"xs\"><a href=\"mailto:m.igualada@diba.cat\"><strong>m.igualada@diba.cat<\/strong><\/a><\/p>\n<p data-line-height=\"xs\"><a href=\"http:\/\/www.museupelligualada.cat\/es\"><strong>www.museupelligualada.cat\/es<\/strong><\/a><\/p>\n<p data-line-height=\"xs\"><a href=\"https:\/\/www.facebook.com\/MuseuPellIgualada\/?fref=ts\"><strong>facebook.com\/Museupelligualada<\/strong><\/a><\/p>\n<h5 data-line-height=\"xs\"><em>\u00a0<\/em><\/h5>\n<\/div><\/div>\n<div class=\"col medium-4 small-12 large-4\"  ><div class=\"col-inner\"  >\n<p><iframe loading=\"lazy\" style=\"border: 0; min-height: 270px;\" src=\"https:\/\/www.google.com\/maps\/embed?pb=!1m14!1m8!1m3!1d1492.3171208572671!2d1.613441!3d41.57716!3m2!1i1024!2i768!4f13.1!3m3!1m2!1s0x0%3A0xc42d5e541155dcd3!2sMuseu+de+la+Pell+d'Igualada+i+Comarcal+de+l'Anoia!5e0!3m2!1ses!2sus!4v1519118557670\" width=\"300\" height=\"300\" frameborder=\"0\" allowfullscreen=\"allowfullscreen\"><\/iframe><\/p>\n<\/div><\/div>\n<div class=\"col medium-1\/1 large-12\"  ><div class=\"col-inner\"  >\n<div class=\"gap-element\" style=\"display:block; height:auto; padding-top:0px\" class=\"clearfix\"><\/div>\n<\/div><\/div>\n<\/div>\n<div class=\"gap-element\" style=\"display:block; height:auto; padding-top:60px\" class=\"clearfix\"><\/div>\n<h2 id=\"Visites\" style=\"text-align: center;\">Visitas<\/h2>\n<h6 style=\"text-align: center;\">Inici &gt; Informaci\u00f3n &gt; Visitas<\/h6>\n<div class=\"gap-element\" style=\"display:block; height:auto; padding-top:60px\" class=\"clearfix\"><\/div>\n<div class=\"row\"  id=\"row-615525527\">\n<div class=\"col medium-1\/1 large-12\"  ><div class=\"col-inner\"  >\n<p><strong>Particulares y familias<\/strong><\/p>\n<p>A los visitantes que acudan individualmente, con amigos, en pareja o en familia, les ofrecemos, con la entrada, una visita libre a\u00a0la Curtidur\u00eda de Cal Granotes (siglo XVIII) y al\u00a0Museo de la Piel, donde se pueden visitar los espacios de exposicio\u0301n permanente sobre la piel, su fabricaci\u00f3n e historia (sala El oficio de curtidor y sala Un universo de piel), as\u00ed como el espacio El hombre y el agua.<\/p>\n<p>Tambie\u0301n se pueden visitar las\u00a0exposiciones temporales, de tem\u00e1tica diversa. Se organizan peri\u00f3dicamente y son de entrada gratuita.<\/p>\n<p><strong>Grupos (mi\u0301nimo 10 personas)<\/strong><\/p>\n<p>Para los visitantes que deseen una visita guiada, se pueden realizar visitas u\u0301nicas o combinadas a la Curtidur\u00eda de Cal Granotes y a los distintos espacios del Museo\u00a0(sala El oficio de curtidor, sala Un universo de piel y espacio El hombre y el agua), haciendo una reserva previa en el tel\u00e9fono\u00a0<a href=\"tel:+34938046752\">938046752<\/a>\u00a0o escribiendo a\u00a0<a href=\"mailto:museupell@diba.cat\">museupell@diba.cat<\/a>.<\/p>\n<p>Les ofrecemos visitas de hora y media o dos horas, seg\u00fan los espacios visitados o el inter\u00e9s del grupo.<\/p>\n<p>Tambie\u0301n se pueden organizar visitas guiadas, previa reserva, a\u00a0otros espacios patrimoniales\u00a0que gestiona el Museo: villa Romana de l\u2019Espelt, Igualadina Algodonera, iglesia de Sant Jaume Sesoliveres y Gas\u00f3geno de Cal Pasqual.<\/p>\n<p><strong>Recomendaciones y normas<\/strong><\/p>\n<p>\u2013 Se pueden hacer fotos (sin <em>flash<\/em>) y vi\u0301deos, y compartirlos en las redes.<br \/>\n\u2013 El patio del Museo dispone de bancos, una fuente y servicios. Dentro del edificio, no se puede fumar, comer ni beber.<br \/>\n\u2013 No se puede acceder al Museo con animales de compa\u00f1\u00eda, excepto con perros de asistencia.<br \/>\n\u2013 Los bolsos, mochilas o paquetes de m\u00e1s de 40 x 40 cm y los paraguas se deben depositar en la consigna.<br \/>\n\u2013 El personal de atencio\u0301n al pu\u0301blico est\u00e1 a vuestro servicio para atender cualquier consulta o sugerencia.<\/p>\n<\/div><\/div>\n<\/div>\n","protected":false},"excerpt":{"rendered":"<p>C\u00f3mo llegar Inicio &gt; Informaci\u00f3n &gt; C\u00f3mo llegar Horarios Inicio &gt; Informaci\u00f3n &gt; Horarios Servicios Inici &gt; Informaci\u00f3n &gt; Servicios Contacto Inici &gt; Informaci\u00f3n &gt; Contacto Visitas Inici &gt; Informaci\u00f3n &gt; Visitas<\/p>\n","protected":false},"author":1,"featured_media":0,"parent":0,"menu_order":0,"comment_status":"closed","ping_status":"closed","template":"page-transparent-header.php","meta":{"footnotes":""},"class_list":["post-4438","page","type-page","status-publish","hentry"],"_links":{"self":[{"href":"https:\/\/museupelligualada.cat\/es\/wp-json\/wp\/v2\/pages\/4438","targetHints":{"allow":["GET"]}}],"collection":[{"href":"https:\/\/museupelligualada.cat\/es\/wp-json\/wp\/v2\/pages"}],"about":[{"href":"https:\/\/museupelligualada.cat\/es\/wp-json\/wp\/v2\/types\/page"}],"author":[{"embeddable":true,"href":"https:\/\/museupelligualada.cat\/es\/wp-json\/wp\/v2\/users\/1"}],"replies":[{"embeddable":true,"href":"https:\/\/museupelligualada.cat\/es\/wp-json\/wp\/v2\/comments?post=4438"}],"version-history":[{"count":0,"href":"https:\/\/museupelligualada.cat\/es\/wp-json\/wp\/v2\/pages\/4438\/revisions"}],"wp:attachment":[{"href":"https:\/\/museupelligualada.cat\/es\/wp-json\/wp\/v2\/media?parent=4438"}],"curies":[{"name":"wp","href":"https:\/\/api.w.org\/{rel}","templated":true}]}}