{"id":4444,"date":"2018-02-13T15:58:28","date_gmt":"2018-02-13T15:58:28","guid":{"rendered":"https:\/\/museupelligualada.cat\/inici-museu\/"},"modified":"2024-07-04T10:49:48","modified_gmt":"2024-07-04T10:49:48","slug":"inici-museu","status":"publish","type":"page","link":"https:\/\/museupelligualada.cat\/es\/","title":{"rendered":"Inici Museu"},"content":{"rendered":"<div class=\"slider-wrapper relative \" id=\"slider-1867972036\" >\n    <div class=\"slider slider-nav-circle slider-nav-large slider-nav-dark slider-style-normal\"\n        data-flickity-options='{\n            \"cellAlign\": \"center\",\n            \"imagesLoaded\": true,\n            \"lazyLoad\": 1,\n            \"freeScroll\": false,\n            \"wrapAround\": true,\n            \"autoPlay\": 4500,\n            \"pauseAutoPlayOnHover\" : true,\n            \"prevNextButtons\": true,\n            \"contain\" : true,\n            \"adaptiveHeight\" : true,\n            \"dragThreshold\" : 5,\n            \"percentPosition\": true,\n            \"pageDots\": true,\n            \"rightToLeft\": false,\n            \"draggable\": true,\n            \"selectedAttraction\": 0.1,\n            \"parallax\" : 0,\n            \"friction\": 0.6        }'\n        >\n        \n\n  <div class=\"banner has-hover is-full-height\" id=\"banner-998882954\">\n          <div class=\"banner-inner fill\">\n        <div class=\"banner-bg fill\" >\n            <div class=\"bg fill bg-fill \"><\/div>\n                        <div class=\"overlay\"><\/div>            \n                    <\/div><!-- bg-layers -->\n        <div class=\"banner-layers container\">\n            <div class=\"fill banner-link\"><\/div>            \n   <div id=\"text-box-680066972\" class=\"text-box banner-layer x50 md-x50 lg-x50 y50 md-y50 lg-y50 res-text\">\n                                <div class=\"text dark\">\n              \n              <div class=\"text-inner text-center\">\n                  \n<div class=\"gap-element\" style=\"display:block; height:auto; padding-top:50px\" class=\"clearfix\"><\/div>\n<h1 class=\"uppercase\"><a href=\"http:\/\/museupelligualada.cat\/espais\/#Museu-Pell\">MUSEO DE LA PIeL<br \/>CAL BOYER<\/a><\/h1>\n              <\/div>\n           <\/div><!-- text-box-inner -->\n                            \n<style scope=\"scope\">\n\n#text-box-680066972 {\n  width: 55%;\n}\n#text-box-680066972 .text {\n  font-size: 100%;\n}\n<\/style>\n    <\/div><!-- text-box -->\n \n        <\/div><!-- .banner-layers -->\n      <\/div><!-- .banner-inner -->\n\n            \n<style scope=\"scope\">\n\n#banner-998882954 {\n  padding-top: 458px;\n}\n#banner-998882954 .bg.bg-loaded {\n  background-image: url(https:\/\/museupelligualada.cat\/wp-content\/uploads\/Museu-Pell-Igualada-inici.jpg);\n}\n#banner-998882954 .overlay {\n  background-color: rgba(0, 0, 0, 0);\n}\n#banner-998882954 .bg {\n  background-position: 2% 46%;\n}\n\n\n@media (min-width:550px) {\n\n  #banner-998882954 {\n    padding-top: 100%;\n  }\n\n}\n<\/style>\n  <\/div><!-- .banner -->\n\n\n\n  <div class=\"banner has-hover is-full-height\" id=\"banner-1470486631\">\n          <div class=\"banner-inner fill\">\n        <div class=\"banner-bg fill\" >\n            <div class=\"bg fill bg-fill \"><\/div>\n                        <div class=\"overlay\"><\/div>            \n                    <\/div><!-- bg-layers -->\n        <div class=\"banner-layers container\">\n            <div class=\"fill banner-link\"><\/div>            \n   <div id=\"text-box-647455083\" class=\"text-box banner-layer x50 md-x50 lg-x50 y50 md-y50 lg-y50 res-text\">\n                                <div class=\"text dark\">\n              \n              <div class=\"text-inner text-center\">\n                  \n<div id=\"translation\">\n<div class=\"gtx-body\">\u00a0<\/div>\n<\/div>\n<h1 class=\"uppercase\"><a href=\"http:\/\/museupelligualada.cat\/espais\/#Cal-Granotes\">CAL GRANOTES<\/a><\/h1>\n<h3><span style=\"color: #f99b1c; font-size: 75%;\">Este espacio<\/span><\/h3>\n<h3><span style=\"color: #ff6600; font-size: 75%;\">ESTAR\u00c1 CERRADO<\/span><\/h3>\n<h3><span style=\"color: #f99b1c; font-size: 75%;\">hasta la segunda mitad del a\u00f1o 2025 por la remodelaci\u00f3n del edificio y la instalaci\u00f3n de una nueva museograf\u00eda m\u00e1s inmersiva, accesible y sostenible.<\/span><\/h3>\n<div class=\"gap-element\" style=\"display:block; height:auto; padding-top:20px\" class=\"clearfix\"><\/div>\n              <\/div>\n           <\/div><!-- text-box-inner -->\n                            \n<style scope=\"scope\">\n\n#text-box-647455083 {\n  width: 55%;\n}\n#text-box-647455083 .text {\n  font-size: 100%;\n}\n<\/style>\n    <\/div><!-- text-box -->\n \n        <\/div><!-- .banner-layers -->\n      <\/div><!-- .banner-inner -->\n\n            \n<style scope=\"scope\">\n\n#banner-1470486631 {\n  padding-top: 458px;\n  background-color: rgba(9, 9, 9, 0.12);\n}\n#banner-1470486631 .bg.bg-loaded {\n  background-image: url(https:\/\/museupelligualada.cat\/wp-content\/uploads\/Cal-Granotes-clots.jpg);\n}\n#banner-1470486631 .overlay {\n  background-color: rgba(0, 0, 0, 0.32);\n}\n#banner-1470486631 .bg {\n  background-position: 75% 10%;\n}\n\n\n@media (min-width:550px) {\n\n  #banner-1470486631 {\n    padding-top: 100%;\n  }\n\n}\n<\/style>\n  <\/div><!-- .banner -->\n\n\n     <\/div>\n\n     <div class=\"loading-spin dark large centered\"><\/div>\n\n     <style scope=\"scope\">\n             <\/style>\n<\/div><!-- .ux-slider-wrapper -->\n\n\n<div class=\"gap-element\" style=\"display:block; height:auto; padding-top:30px\" class=\"clearfix\"><\/div>\n<div class=\"gap-element\" style=\"display:block; height:auto; padding-top:10px\" class=\"clearfix\"><\/div>\n<div class=\"row\"  id=\"row-1233983486\">\n<div class=\"col small-12 large-12\"  ><div class=\"col-inner\"  >\n<\/div><\/div>\n<\/div>\n<div class=\"gap-element\" style=\"display:block; height:auto; padding-top:10px\" class=\"clearfix\"><\/div>\n<div class=\"gap-element\" style=\"display:block; height:auto; padding-top:10px\" class=\"clearfix\"><\/div>\n<div class=\"gap-element\" style=\"display:block; height:auto; padding-top:30px\" class=\"clearfix\"><\/div>\n<div class=\"gap-element\" style=\"display:block; height:auto; padding-top:10px\" class=\"clearfix\"><\/div>\n<div class=\"gap-element\" style=\"display:block; height:auto; padding-top:30px\" class=\"clearfix\"><\/div>\n<div class=\"gap-element\" style=\"display:block; height:auto; padding-top:10px\" class=\"clearfix\"><\/div>\n<div id=\"gtx-trans\" style=\"position: absolute; left: 299px; top: 1224.72px;\">\n<div class=\"gtx-trans-icon\"><\/div>\n<\/div>\n","protected":false},"excerpt":{"rendered":"","protected":false},"author":1,"featured_media":0,"parent":0,"menu_order":0,"comment_status":"closed","ping_status":"closed","template":"page-transparent-header.php","meta":{"footnotes":""},"class_list":["post-4444","page","type-page","status-publish","hentry"],"_links":{"self":[{"href":"https:\/\/museupelligualada.cat\/es\/wp-json\/wp\/v2\/pages\/4444","targetHints":{"allow":["GET"]}}],"collection":[{"href":"https:\/\/museupelligualada.cat\/es\/wp-json\/wp\/v2\/pages"}],"about":[{"href":"https:\/\/museupelligualada.cat\/es\/wp-json\/wp\/v2\/types\/page"}],"author":[{"embeddable":true,"href":"https:\/\/museupelligualada.cat\/es\/wp-json\/wp\/v2\/users\/1"}],"replies":[{"embeddable":true,"href":"https:\/\/museupelligualada.cat\/es\/wp-json\/wp\/v2\/comments?post=4444"}],"version-history":[{"count":1,"href":"https:\/\/museupelligualada.cat\/es\/wp-json\/wp\/v2\/pages\/4444\/revisions"}],"predecessor-version":[{"id":22803,"href":"https:\/\/museupelligualada.cat\/es\/wp-json\/wp\/v2\/pages\/4444\/revisions\/22803"}],"wp:attachment":[{"href":"https:\/\/museupelligualada.cat\/es\/wp-json\/wp\/v2\/media?parent=4444"}],"curies":[{"name":"wp","href":"https:\/\/api.w.org\/{rel}","templated":true}]}}