{"id":4437,"date":"2018-02-08T11:55:49","date_gmt":"2018-02-08T11:55:49","guid":{"rendered":"https:\/\/museupelligualada.cat\/informacio\/"},"modified":"2020-09-29T07:52:08","modified_gmt":"2020-09-29T07:52:08","slug":"informacio","status":"publish","type":"page","link":"https:\/\/museupelligualada.cat\/fr\/informacio\/","title":{"rendered":"Informaci\u00f3"},"content":{"rendered":"\n  <div class=\"banner has-hover\" id=\"banner-191810295\">\n          <div class=\"banner-inner fill\">\n        <div class=\"banner-bg fill\" >\n            <div class=\"bg fill bg-fill \"><\/div>\n                        <div class=\"overlay\"><\/div>            \n                    <\/div><!-- bg-layers -->\n        <div class=\"banner-layers container\">\n            <div class=\"fill banner-link\"><\/div>            \n   <div id=\"text-box-1996526020\" class=\"text-box banner-layer x50 md-x50 lg-x50 y50 md-y50 lg-y50 res-text\">\n                     <div data-animate=\"none\">           <div class=\"text dark\">\n              \n              <div class=\"text-inner text-right\">\n                  \n<p><!--\n\n\n<h2 class=\"majuscules \" style=\"text-align: right;\">Informaci\u00f3<\/h2>\n\n\n\n\n<div class=\"submenu\"><a class=\"_ps2id\" href=\"#Com-arribar\">Com arribar-hi<\/a> <a class=\"_ps2id\" href=\"#Horaris-preus\">Horaris i preus<\/a> <a class=\"_ps2id\" href=\"#Serveis-accessibilitat\">Serveis i accessibilitat<\/a> <a class=\"_ps2id\" href=\"#Mirada-tactil\">Mirada ta\u0300ctil<\/a> <a class=\"_ps2id\" href=\"#Visites\">Visites<\/a> <a class=\"_ps2id\" href=\"#Contacte\">Contacte<\/a><\/div>\n\n\n--><\/p>\n              <\/div>\n           <\/div><!-- text-box-inner -->\n       <\/div>                     \n<style scope=\"scope\">\n\n#text-box-1996526020 .text-inner {\n  padding: 120px 30px 30px 30px;\n}\n#text-box-1996526020 {\n  width: 100%;\n}\n#text-box-1996526020 .text {\n  font-size: 100%;\n}\n<\/style>\n    <\/div><!-- text-box -->\n \n        <\/div><!-- .banner-layers -->\n      <\/div><!-- .banner-inner -->\n\n            \n<style scope=\"scope\">\n\n#banner-191810295 {\n  padding-top: 500px;\n}\n#banner-191810295 .bg.bg-loaded {\n  background-image: url(https:\/\/museupelligualada.cat\/wp-content\/uploads\/Museu-Pell-exterior-pati-herba.jpg);\n}\n#banner-191810295 .overlay {\n  background-color: rgba(0, 0, 0, 0.66);\n}\n#banner-191810295 .bg {\n  background-position: 65% 43%;\n}\n<\/style>\n  <\/div><!-- .banner -->\n\n\n<p><!-- \/* ********** 1 ************ *\/ --><\/p>\n<div class=\"gap-element\" style=\"display:block; height:auto; padding-top:60px\" class=\"clearfix\"><\/div>\n<h2 id=\"Com-arribar\" class=\"thin-font\" style=\"text-align: center;\">O\u00f9 nous trouver<\/h2>\n<h6 style=\"text-align: center;\">Accueil &gt; Information &gt; O\u00f9 nous trouver<\/h6>\n<div class=\"gap-element\" style=\"display:block; height:auto; padding-top:60px\" class=\"clearfix\"><\/div>\n<div class=\"row\"  id=\"row-528958849\">\n<div class=\"col medium-6 small-12 large-6\"  ><div class=\"col-inner\"  >\n<h4>Mus\u00e9e du Cuir d\u2019Igualada<br \/>\net de la Comarque de l\u2019Anoia<br \/>\nC\/ Dr. Joan Mercader, 1<br \/>\n08700 Igualada \u2013 Barcelona<br \/>\n+34 938 046 752<br \/>\nm.igualada@diba.cat<br \/>\nwww.museupelligualada.cat<br \/>\nfacebook.com\/Museupelligualada<\/h4>\n<\/div><\/div>\n<div class=\"col medium-6 small-12 large-6\"  ><div class=\"col-inner\"  >\n<p><span style=\"font-size: 100%;\">Le Mus\u00e9e est situ\u00e9 au centre du quartier du Rec d\u2019Igualada, \u00e0 400 m du centre-ville (place de la Mairie).<br \/>\n<strong>En voiture<\/strong>. Parking gratuit \u00e0 proximit\u00e9 du Mus\u00e9e (200 m), au croisement de la rue Sant Faust et de la rue du Rec.<br \/>\n<strong>Hispano Igualadina.<\/strong> Ligne r\u00e9guli\u00e8re d\u2019autobus.<br \/>\nhttp:\/\/www.igualadina.com\/<br \/>\n<strong>Chemin de fer de la Generalitat de Catalogne (FGC)<\/strong>. Il est possible d\u2019acheter un billet combin\u00e9 qui inclut l\u2019entr\u00e9e au mus\u00e9e et le trajet aller\/retour vers Igualada, ainsi que le trajet en autobus jusqu\u2019aux mus\u00e9es (inclut \u00e9galement l\u2019entr\u00e9e au Mus\u00e9e des Rouliers \u2013 Museu del Traginer).<br \/>\nhttp:\/\/turistren.cat\/index.php\/fitxa\/igualada-museus\/<br \/>\n<\/span><\/p>\n<\/div><\/div>\n<\/div>\n<div class=\"gap-element\" style=\"display:block; height:auto; padding-top:30px\" class=\"clearfix\"><\/div>\n<p><iframe loading=\"lazy\" style=\"border: 0;\" src=\"https:\/\/www.google.com\/maps\/embed?pb=!1m18!1m12!1m3!1d1493.2444962286381!2d1.6134409999999946!3d41.57716!2m3!1f0!2f0!3f0!3m2!1i1024!2i768!4f13.1!3m3!1m2!1s0x0%3A0xc42d5e541155dcd3!2sMuseu+de+la+Pell+d'Igualada+i+Comarcal+de+l'Anoia!5e0!3m2!1ses!2ses!4v1518091924040\" width=\"100%\" height=\"450\" frameborder=\"0\" allowfullscreen=\"allowfullscreen\"><\/iframe><\/p>\n<p><!-- \/* ********** 2 ************ *\/ --><\/p>\n<div class=\"gap-element\" style=\"display:block; height:auto; padding-top:60px\" class=\"clearfix\"><\/div>\n<h2 id=\"Horaris-preus\" class=\"thin-font\" style=\"text-align: center;\">Horaires<\/h2>\n<h6 style=\"text-align: center;\">Accueil &gt; Information &gt; Horaires<\/h6>\n<div class=\"gap-element\" style=\"display:block; height:auto; padding-top:60px\" class=\"clearfix\"><\/div>\n<div class=\"row\"  id=\"row-1702041687\">\n<div class=\"col medium-1\/1 large-12\"  ><div class=\"col-inner\"  >\n<p><strong>Mus\u00e9e du Cuir (B\u00e2timent Cal Boyer)<\/strong><\/p>\n<p>Du mardi au vendredi : de 10h \u00e0 14h<\/p>\n<p>Jeudi et vendredi apr\u00e8s-midi : de 16h \u00e0 18h30 (expositions temporaires jusqu\u2019\u00e0 20h) \/ ferm\u00e9 en juillet et ao\u00fbt<\/p>\n<p>Samedi, dimanche et jours f\u00e9ri\u00e9s : de 11h \u00e0 14h<\/p>\n<p><strong> <\/strong><\/p>\n<p><strong>Cal Granotes (point de d\u00e9part : b\u00e2timent Cal Boyer)<\/strong><\/p>\n<p>Du mardi au vendredi et jours f\u00e9ri\u00e9s de 12h \u00e0 14h<\/p>\n<p>Jeudi et vendredi apr\u00e8s-midi :  de 17h \u00e0 18h30 \/ ferm\u00e9 en juillet et ao\u00fbt<\/p>\n<p><strong>Jours de fermeture<\/strong><\/p>\n<p>Ferm\u00e9 tous les lundis et les 1er, 5 (apr\u00e8s-midi) et 6 janvier, le mardi suivant le lundi de P\u00e2ques et les 24, 25, 26 et 31 d\u00e9cembre. La Casa de la Festa est ferm\u00e9e au mois d\u2019ao\u00fbt.<\/p>\n<p><strong>Autres \u00e9quipements culturels g\u00e9r\u00e9s par le Mus\u00e9e<\/strong><\/p>\n<p>Villa Romaine de l\u2019Espelt, Igualada Algodonera, gazog\u00e8ne de Cal Pasqual, \u00e9glise de Sant Jaume Sesoliveres<\/p>\n<p>Espaces ouverts \u00e0 la visite pour les groupes sur r\u00e9servation pr\u00e9alable par t\u00e9l\u00e9phone (<a href=\"mailto:+34 938%2004%2067%2052\">+34 938 04 67 52<\/a>) ou par courriel (<a href=\"mailto:m.igualada@diba.cat\">m.igualada@diba.cat<\/a>).<\/p>\n<p><strong>Administration \u2013 b\u00e2timent Tannerie J. Bella i Bernades <\/strong><strong>(C\/Dr. Joan Mercader, 3)<\/strong><\/p>\n<p>Du lundi au vendredi de 9h \u00e0 14h<\/p>\n<p><strong>Collections et service de consultation de fonds<\/strong><\/p>\n<p>Du lundi au vendredi de 9h \u00e0 13h sur r\u00e9servation pr\u00e9alable par t\u00e9l\u00e9phone (<a href=\"mailto:+34 938%2004%2067%2052\">+34 938 04 67 52<\/a>) ou par courriel (<a href=\"mailto:m.igualada@diba.cat\">m.igualada@diba.cat<\/a>).<\/p>\n<p>De dilluns a divendres de 9 a 13 h o en horari acordat, pre\u0300via concertacio\u0301, trucant al tel. <a href=\"tel:+34938046752\">938046752<\/a> o enviant un correu a <a href=\"mailto:m.igualada@diba.cat\">m.igualada@diba.cat<\/a>.<\/p>\n<div class=\"gap-element\" style=\"display:block; height:auto; padding-top:60px\" class=\"clearfix\"><\/div>\n<h2 style=\"text-align: center;\"><strong>Tarifs<\/strong><\/h2>\n<h6 style=\"text-align: center;\">Accueil &gt; Information &gt; Tarifs<\/h6>\n<div class=\"gap-element\" style=\"display:block; height:auto; padding-top:60px\" class=\"clearfix\"><\/div>\n<ul>\n<li><a href=\"http:\/\/museupelligualada.cat\/informacio\/#tab_tiquets-generals\"><strong>Entr\u00e9e G\u00e9n\u00e9rale<\/strong><\/a><\/li>\n<li><a href=\"http:\/\/museupelligualada.cat\/informacio\/#tab_visites-comentades\"><strong>Visites comment\u00e9es<\/strong><\/a><\/li>\n<li><a href=\"http:\/\/museupelligualada.cat\/informacio\/#tab_tiquets-escolars\"><strong>Entr\u00e9e scolaire<\/strong><\/a><\/li>\n<\/ul>\n<p><strong>Prix par personne. Visite libre du Mus\u00e9e du Cuir et de Cal Granotes.<\/strong><\/p>\n<p><strong>Entr\u00e9e individuelle<\/strong><br \/>\n3,80 \u20ac<\/p>\n<p><strong>Tarif r\u00e9duit<\/strong><br \/>\n1,85 \u20ac<br \/>\nJeunes de 12 \u00e0 16 ans, carte d\u2019\u00e9tudiant, <em>carnet jove<\/em>, familles nombreuses, retrait\u00e9s, demandeurs d\u2019emploi et membres du Club R\u00e9seau de Tourisme Industriel de Catalogne.<\/p>\n<p><strong>Entr\u00e9e gratuite<\/strong><br \/>\nEnfants jusqu\u2019\u00e0 12 ans, enseignants, membres de l\u2019ICOM, membres de l\u2019Association de Mus\u00e9ologues de Catalogne.<\/p>\n<p><strong>Billet combin\u00e9 avec les chemins de fer FGC<\/strong>. Inclut l\u2019entr\u00e9e au mus\u00e9e et le trajet aller\/retour vers Igualada ainsi que le trajet en autobus jusqu\u2019aux mus\u00e9es (inclut \u00e9galement l\u2019entr\u00e9e au Mus\u00e9e des Rouliers\/<em>Museu del Traginer<\/em>).<\/p>\n<p><a href=\"http:\/\/turistren.cat\/index.php\/fitxa\/igualada-museus\/\">http:\/\/turistren.cat\/index.php\/fitxa\/igualada-museus\/<\/a><\/p>\n<div class=\"gap-element\" style=\"display:block; height:auto; padding-top:0px\" class=\"clearfix\"><\/div>\n<\/div><\/div>\n<\/div>\n<div class=\"gap-element\" style=\"display:block; height:auto; padding-top:60px\" class=\"clearfix\"><\/div>\n<h2 id=\"Serveis-accessibilitat\" class=\"thin-font\" style=\"text-align: center;\">Services<\/h2>\n<h6 style=\"text-align: center;\">Accueil &gt; Information &gt; Services<\/h6>\n<div class=\"gap-element\" style=\"display:block; height:auto; padding-top:60px\" class=\"clearfix\"><\/div>\n<div class=\"row\"  id=\"row-1126080427\">\n<div class=\"col medium-1\/1 large-12\"  ><div class=\"col-inner\"  >\n<p><strong>Concertation de visites guid\u00e9es et de groupe<\/strong><br \/>\nLe mus\u00e9e organise des visites guid\u00e9es pour les groupes (min. 10 personnes) sur r\u00e9servation par t\u00e9l\u00e9phone (<a href=\"mailto:+34 938%2004%2067%2052\">+34 938 04 67 52<\/a>) ou par courriel (<a href=\"mailto:m.igualada@diba.cat\">m.igualada@diba.cat<\/a>).<\/p>\n<p><strong>D\u00e9pliants explicatifs<\/strong><br \/>\nDans les diff\u00e9rentes salles du mus\u00e9e, des d\u00e9pliants explicatifs sont mis \u00e0 disposition (en catalan, espagnol et anglais).<\/p>\n<p><strong>Wifi gratuit<\/strong><br \/>\nToutes les salles du Mus\u00e9e du Cuir (Cal Boyer) disposent d\u2019une connexion wifi gratuite.<\/p>\n<p><strong>Consigne et vestiaire   <\/strong><br \/>\nLe Mus\u00e9e dispose d\u2019un service de vestiaire et consigne pour y d\u00e9poser vos objets personnels. Pour des raisons de s\u00e9curit\u00e9, il est obligatoire de d\u00e9poser les parapluies, les sacs, les sacs \u00e0 dos o\u00f9 les paquets dont les mesures exc\u00e8dent 40 x 40 cm.<\/p>\n<p><strong>Recevoir des informations sur les activit\u00e9s du Mus\u00e9e<\/strong><\/p>\n<p>Si vous souhaiter recevoir des informations sur les activit\u00e9s organis\u00e9es par le Mus\u00e9e, vous pouvez remplir ce <a href=\"http:\/\/museupelligualada.cat\/newsletter\/\">formulaire<\/a><\/p>\n<div class=\"gap-element\" style=\"display:block; height:auto; padding-top:60px\" class=\"clearfix\"><\/div>\n<h2 id=\"Serveis-accessibilitat\" class=\"thin-font\" style=\"text-align: center;\">Accessibilit\u00e9<\/h2>\n<h6 style=\"text-align: center;\">Accueil &gt; Information &gt; Accessibilit\u00e9<\/h6>\n<div class=\"gap-element\" style=\"display:block; height:auto; padding-top:60px\" class=\"clearfix\"><\/div>\n<h6 style=\"text-align: center;\"><\/h6>\n<p>Pour les personnes qui en ont besoin, le Mus\u00e9e dispose de rampes d\u2019acc\u00e8s, d\u2019ascenseurs et d\u2019un fauteuil roulant pour faciliter l\u2019acc\u00e8s aux salles d\u2019exposition. Nous travaillons continuellement pour rendre plus accessible \u00e0 toutes les personnes toute l\u2019information, les activit\u00e9s et les contenus propos\u00e9s.<\/p>\n<\/div><\/div>\n<div class=\"gap-element\" style=\"display:block; height:auto; padding-top:60px\" class=\"clearfix\"><\/div>\n<h2 id=\"Mirada-tactil\" class=\"thin-font\" style=\"text-align: center;\">Regard Tactile<\/h2>\n<h6 style=\"text-align: center;\">Accueil &gt; Information &gt; Regard Tactile<\/h6>\n<div class=\"col medium-1\/1 large-12\"  ><div class=\"col-inner\"  >\n<div class=\"gap-element\" style=\"display:block; height:auto; padding-top:60px\" class=\"clearfix\"><\/div>\n<p>Regard Tactile est un projet d\u00e9velopp\u00e9 par le Bureau du Patrimoine Culturel de la D\u00e9putation de Barcelone, auquel participe le Mus\u00e9e du Cuir d\u2019Igualada, et qui consiste en une pr\u00e9sentation tactile du fonds et des contenus du mus\u00e9e comme \u00e9l\u00e9ment d\u2019inclusion pour assurer l\u2019accessibilit\u00e9 culturelle \u00e0 tous les visiteurs. Cela inclut des ressources tactiles, visuelles, auditives et \u00e9crites en Braille.<\/p>\n<p>Toutes les vid\u00e9os sont disponibles \u00e0 ce lien :<br \/>\n<a href=\"https:\/\/www.youtube.com\/watch?v=TA1Byf4Ay8A&amp;list=PLRox57axYYj23DDbiH0BuIPyPvkxpzDYb\">https:\/\/www.youtube.com\/watch?v=TA1Byf4Ay8A&amp;list=PLRox57axYYj23DDbiH0BuIPyPvkxpzDYb<\/a><\/p>\n\n  <div class=\"banner has-hover\" id=\"banner-97376304\">\n          <div class=\"banner-inner fill\">\n        <div class=\"banner-bg fill\" >\n            <div class=\"bg fill bg-fill \"><\/div>\n              <div class=\"video-overlay no-click fill\"><\/div>\n  <div id=\"ytplayer-872\" class=\"ux-youtube fill object-fit hide-for-small\" data-videoid=\"TA1Byf4Ay8A\" data-loop=\"1\" data-audio=\"0\"><\/div>\n                        \n                    <\/div><!-- bg-layers -->\n        <div class=\"banner-layers container\">\n            <div class=\"fill banner-link\"><\/div>            \n   <div id=\"text-box-1506319939\" class=\"text-box banner-layer x50 md-x50 lg-x50 y50 md-y50 lg-y50 res-text\">\n                                <div class=\"text dark\">\n              \n              <div class=\"text-inner text-center\">\n                  \n<h3 class=\"uppercase\"><strong>Mirada Ta\u0300ctil<\/strong><\/h3>\n              <\/div>\n           <\/div><!-- text-box-inner -->\n                            \n<style scope=\"scope\">\n\n#text-box-1506319939 {\n  width: 60%;\n}\n#text-box-1506319939 .text {\n  font-size: 100%;\n}\n<\/style>\n    <\/div><!-- text-box -->\n \n        <\/div><!-- .banner-layers -->\n      <\/div><!-- .banner-inner -->\n\n            \n<style scope=\"scope\">\n\n#banner-97376304 {\n  padding-top: 600px;\n}\n<\/style>\n  <\/div><!-- .banner -->\n\n\n<div class=\"gap-element\" style=\"display:block; height:auto; padding-top:0px\" class=\"clearfix\"><\/div>\n<\/div><\/div>\n<\/div>\n<div class=\"gap-element\" style=\"display:block; height:auto; padding-top:60px\" class=\"clearfix\"><\/div>\n<p><!-- \/* ************ 6 ********** *\/ --><\/p>\n<h2 id=\"Contacte\" class=\"thin-font\" style=\"text-align: center;\">Contact<\/h2>\n<h6 style=\"text-align: center;\">Accueil &gt; Information &gt; Contact<\/h6>\n<div class=\"gap-element\" style=\"display:block; height:auto; padding-top:60px\" class=\"clearfix\"><\/div>\n<div class=\"row\"  id=\"row-1957885849\">\n<div class=\"col medium-4 small-12 large-4\"  ><div class=\"col-inner\"  >\n\t<div class=\"img has-hover x md-x lg-x y md-y lg-y\" id=\"image_743955172\">\n\t\t\t\t\t\t\t\t<div class=\"img-inner dark\" >\n\t\t\t<img loading=\"lazy\" decoding=\"async\" width=\"863\" height=\"649\" src=\"https:\/\/museupelligualada.cat\/wp-content\/uploads\/Museu-Pell-Igualada-logo-Negre-text.png\" class=\"attachment-large size-large\" alt=\"\" srcset=\"https:\/\/museupelligualada.cat\/wp-content\/uploads\/Museu-Pell-Igualada-logo-Negre-text.png 863w, https:\/\/museupelligualada.cat\/wp-content\/uploads\/Museu-Pell-Igualada-logo-Negre-text-340x256.png 340w, https:\/\/museupelligualada.cat\/wp-content\/uploads\/Museu-Pell-Igualada-logo-Negre-text-800x602.png 800w, https:\/\/museupelligualada.cat\/wp-content\/uploads\/Museu-Pell-Igualada-logo-Negre-text-768x578.png 768w\" sizes=\"auto, (max-width: 863px) 100vw, 863px\" \/>\t\t\t\t\t\t\n\t\t\t\t\t<\/div>\n\t\t\t\t\t\t\t\t\n<style scope=\"scope\">\n\n#image_743955172 {\n  width: 90%;\n}\n<\/style>\n\t<\/div>\n\t\n<\/div><\/div>\n<div class=\"col medium-4 small-12 large-4\"  ><div class=\"col-inner\"  >\n<p><strong>Mus\u00e9e du Cuir d\u2019Igualada<br \/>\net de la Comarque de l\u2019Anoia<\/strong><\/p>\n<p><strong>C\/ Dr. Joan Mercader, 1<\/strong><\/p>\n<p><strong> <\/strong><a href=\"https:\/\/www.google.com\/maps\/embed?pb=!1m18!1m12!1m3!1d1492.3143828782704!2d1.613439474767631!3d41.57727849618578!2m3!1f0!2f0!3f0!3m2!1i1024!2i768!4f13.1!3m3!1m2!1s0x0%3A0xc42d5e541155dcd3!2sMuseu+de+la+Pell+d%27Igualada+i+Comarcal+de+l%27Anoia!5e0!3m2!1ses!2sus!4v1491849463835\"><strong>08700 Igualada \u2013 Barcelona<\/strong><\/a><\/p>\n<p><strong> <\/strong><a href=\"tel:+34938046752\"><strong>+34 938 046 752<\/strong><\/a><\/p>\n<p><strong> <\/strong><a href=\"mailto:m.igualada@diba.cat\"><strong>m.igualada@diba.cat<\/strong><\/a><\/p>\n<p><strong> <\/strong><a href=\"http:\/\/www.museupelligualada.cat\/\"><strong>www.museupelligualada.cat<\/strong><\/a><\/p>\n<p><strong> <\/strong><a href=\"https:\/\/www.facebook.com\/MuseuPellIgualada\/?fref=ts\"><strong>facebook.com\/Museupelligualada<\/strong><\/a><\/p>\n<\/div><\/div>\n<div class=\"col medium-4 small-12 large-4\"  ><div class=\"col-inner\"  >\n<p><iframe loading=\"lazy\" style=\"border: 0; min-height: 270px;\" src=\"https:\/\/www.google.com\/maps\/embed?pb=!1m14!1m8!1m3!1d1492.3171208572671!2d1.613441!3d41.57716!3m2!1i1024!2i768!4f13.1!3m3!1m2!1s0x0%3A0xc42d5e541155dcd3!2sMuseu+de+la+Pell+d'Igualada+i+Comarcal+de+l'Anoia!5e0!3m2!1ses!2sus!4v1519118557670\" width=\"300\" height=\"300\" frameborder=\"0\" allowfullscreen=\"allowfullscreen\"><\/iframe><\/p>\n<\/div><\/div>\n<div class=\"col medium-1\/1 large-12\"  ><div class=\"col-inner\"  >\n<div class=\"gap-element\" style=\"display:block; height:auto; padding-top:0px\" class=\"clearfix\"><\/div>\n<\/div><\/div>\n<\/div>\n<div class=\"gap-element\" style=\"display:block; height:auto; padding-top:60px\" class=\"clearfix\"><\/div>\n<p><!-- \/* ********** 5 ************ *\/ --><\/p>\n<h2 id=\"Visites\" class=\"thin-font\" style=\"text-align: center;\">Visites<\/h2>\n<h6 style=\"text-align: center;\">Accueil &gt; Information &gt; Visites<\/h6>\n<div class=\"gap-element\" style=\"display:block; height:auto; padding-top:60px\" class=\"clearfix\"><\/div>\n<div class=\"row\"  id=\"row-1439865037\">\n<div class=\"col medium-1\/1 large-12\"  ><div class=\"col-inner\"  >\n<p><strong>Particuliers et familles<\/strong><\/p>\n<p>Les personnes individuelles, qu\u2019elles viennent seules, en couple, en famille ou entre amis peuvent profiter avec leur entr\u00e9e d\u2019une visite libre de <a href=\"http:\/\/museupelligualada.cat\/espais\/#Cal-Granotes\">la Tannerie de Cal Granotes (XVIII\u00e8 si\u00e8cle) et du Mus\u00e9e du Cuir<\/a>, o\u00f9 se trouvent les espaces d\u2019exposition permanente sur le cuir, sa fabrication et son histoire (salles Le m\u00e9tier de tanneur et Un univers de cuir), ainsi que l\u2019espace L\u2019Homme et l\u2019eau.<\/p>\n<p>Il est aussi possible de visiter les expositions temporaires, organis\u00e9es p\u00e9riodiquement sur des th\u00e9matiques vari\u00e9es, et dont l\u2019entr\u00e9e est gratuite.<\/p>\n<p><strong>Groupes (min. 10 personnes)<\/strong><\/p>\n<p>Pour les visiteurs qui souhaitent une visite guid\u00e9e, il est possible de profiter d\u2019une visite unique ou combin\u00e9e, de la <a href=\"http:\/\/museupelligualada.cat\/espais\/\">Tannerie de Cal Granotes et des autres espaces du Mus\u00e9e<\/a> (salle Le m\u00e9tier de tanneur, salle Un univers de cuir et espace l\u2019Homme et l\u2019eau) sur r\u00e9servation par t\u00e9l\u00e9phone (<a href=\"mailto:+34 938%2004%2067%2052\">+34 938 04 67 52<\/a>) ou par courriel (<a href=\"mailto:m.igualada@diba.cat\">m.igualada@diba.cat<\/a>).<\/p>\n<p>Nous proposons des visites d\u2019une heure et demie ou deux heures selon les espaces visit\u00e9s et les int\u00e9r\u00eats du groupe.<\/p>\n<p>Il est \u00e9galement possible d\u2019organiser des visites guid\u00e9es des <a href=\"http:\/\/museupelligualada.cat\/espais\/#Altres-espais\">autres objets patrimoniaux<\/a> g\u00e9r\u00e9s par le Mus\u00e9e : la Villa Romaine de l\u2019Espelt, l\u2019Igualada Algodonera, l\u2019\u00e9glise de Sant Jaume Sesoliveres et le gazog\u00e8ne de Cal Pasqual.<\/p>\n<p><strong>Recommandations et normes<\/strong><\/p>\n<p>\u2013 Les photos sont autoris\u00e9es (sans <em>flash<\/em>), ainsi que les vid\u00e9os et le partage sur les r\u00e9seaux sociaux.<\/p>\n<p>\u2013 La cour du Mus\u00e9e dispose de bancs, d\u2019une fontaine d\u2019eau potable et de toilettes. \u00c0 l\u2019int\u00e9rieur du b\u00e2timent, il est interdit de fumer, manger et boire.<\/p>\n<p>\u2013 L\u2019acc\u00e8s est interdit aux animaux, except\u00e9 aux chiens d\u2019assistance.<\/p>\n<p>\u2013 Les sacs, sacs \u00e0 dos ou paquets exc\u00e9dant 40 x 40 cm, ainsi que les parapluies, doivent \u00eatre d\u00e9pos\u00e9s \u00e0 la consigne.<\/p>\n<p>\u2013 Le personnel d\u2019attention au public est \u00e0 votre service pour toute question ou suggestion.<\/p>\n<\/div><\/div>\n<\/div>\n","protected":false},"excerpt":{"rendered":"<p>O\u00f9 nous trouver Accueil &gt; Information &gt; O\u00f9 nous trouver Horaires Accueil &gt; Information &gt; Horaires Services Accueil &gt; Information &gt; Services Contact Accueil &gt; Information &gt; Contact Visites Accueil &gt; Information &gt; Visites<\/p>\n","protected":false},"author":1,"featured_media":0,"parent":0,"menu_order":0,"comment_status":"closed","ping_status":"closed","template":"page-transparent-header.php","meta":{"footnotes":""},"class_list":["post-4437","page","type-page","status-publish","hentry"],"_links":{"self":[{"href":"https:\/\/museupelligualada.cat\/fr\/wp-json\/wp\/v2\/pages\/4437","targetHints":{"allow":["GET"]}}],"collection":[{"href":"https:\/\/museupelligualada.cat\/fr\/wp-json\/wp\/v2\/pages"}],"about":[{"href":"https:\/\/museupelligualada.cat\/fr\/wp-json\/wp\/v2\/types\/page"}],"author":[{"embeddable":true,"href":"https:\/\/museupelligualada.cat\/fr\/wp-json\/wp\/v2\/users\/1"}],"replies":[{"embeddable":true,"href":"https:\/\/museupelligualada.cat\/fr\/wp-json\/wp\/v2\/comments?post=4437"}],"version-history":[{"count":0,"href":"https:\/\/museupelligualada.cat\/fr\/wp-json\/wp\/v2\/pages\/4437\/revisions"}],"wp:attachment":[{"href":"https:\/\/museupelligualada.cat\/fr\/wp-json\/wp\/v2\/media?parent=4437"}],"curies":[{"name":"wp","href":"https:\/\/api.w.org\/{rel}","templated":true}]}}