{"id":4443,"date":"2018-02-13T15:58:28","date_gmt":"2018-02-13T15:58:28","guid":{"rendered":"https:\/\/museupelligualada.cat\/inici-museu\/"},"modified":"2025-11-13T13:40:11","modified_gmt":"2025-11-13T13:40:11","slug":"inici-museu","status":"publish","type":"page","link":"https:\/\/museupelligualada.cat\/fr\/","title":{"rendered":"Inici Museu"},"content":{"rendered":"<div class=\"slider-wrapper relative \" id=\"slider-541113150\" >\n    <div class=\"slider slider-nav-circle slider-nav-large slider-nav-dark slider-style-normal\"\n        data-flickity-options='{\n            \"cellAlign\": \"center\",\n            \"imagesLoaded\": true,\n            \"lazyLoad\": 1,\n            \"freeScroll\": false,\n            \"wrapAround\": true,\n            \"autoPlay\": 4500,\n            \"pauseAutoPlayOnHover\" : true,\n            \"prevNextButtons\": true,\n            \"contain\" : true,\n            \"adaptiveHeight\" : true,\n            \"dragThreshold\" : 5,\n            \"percentPosition\": true,\n            \"pageDots\": true,\n            \"rightToLeft\": false,\n            \"draggable\": true,\n            \"selectedAttraction\": 0.1,\n            \"parallax\" : 0,\n            \"friction\": 0.6        }'\n        >\n        \n\n  <div class=\"banner has-hover is-full-height\" id=\"banner-1556416127\">\n          <div class=\"banner-inner fill\">\n        <div class=\"banner-bg fill\" >\n            <div class=\"bg fill bg-fill \"><\/div>\n                        <div class=\"overlay\"><\/div>            \n                    <\/div><!-- bg-layers -->\n        <div class=\"banner-layers container\">\n            <div class=\"fill banner-link\"><\/div>            \n   <div id=\"text-box-170882981\" class=\"text-box banner-layer x50 md-x50 lg-x50 y50 md-y50 lg-y50 res-text\">\n                                <div class=\"text dark\">\n              \n              <div class=\"text-inner text-center\">\n                  \n<div class=\"gap-element\" style=\"display:block; height:auto; padding-top:50px\" class=\"clearfix\"><\/div>\n<h1 class=\"uppercase\"><a href=\"http:\/\/museupelligualada.cat\/espais\/#Museu-Pell\">Mus\u00e9e du Cuir\u00a0<\/a><\/h1>\n<h1 class=\"uppercase\"><a href=\"http:\/\/museupelligualada.cat\/espais\/#Museu-Pell\">CAL BOYER<\/a><\/h1>\n<h3>\u00a0<\/h3>\n              <\/div>\n           <\/div><!-- text-box-inner -->\n                            \n<style scope=\"scope\">\n\n#text-box-170882981 {\n  width: 55%;\n}\n#text-box-170882981 .text {\n  font-size: 100%;\n}\n<\/style>\n    <\/div><!-- text-box -->\n \n        <\/div><!-- .banner-layers -->\n      <\/div><!-- .banner-inner -->\n\n            \n<style scope=\"scope\">\n\n#banner-1556416127 {\n  padding-top: 458px;\n}\n#banner-1556416127 .bg.bg-loaded {\n  background-image: url(https:\/\/museupelligualada.cat\/wp-content\/uploads\/Museu-Pell-Igualada-inici.jpg);\n}\n#banner-1556416127 .overlay {\n  background-color: rgba(0, 0, 0, 0);\n}\n#banner-1556416127 .bg {\n  background-position: 2% 46%;\n}\n\n\n@media (min-width:550px) {\n\n  #banner-1556416127 {\n    padding-top: 100%;\n  }\n\n}\n<\/style>\n  <\/div><!-- .banner -->\n\n\n\n  <div class=\"banner has-hover is-full-height\" id=\"banner-1782456812\">\n          <div class=\"banner-inner fill\">\n        <div class=\"banner-bg fill\" >\n            <div class=\"bg fill bg-fill \"><\/div>\n                        <div class=\"overlay\"><\/div>            \n                    <\/div><!-- bg-layers -->\n        <div class=\"banner-layers container\">\n            <div class=\"fill banner-link\"><\/div>            \n   <div id=\"text-box-106518519\" class=\"text-box banner-layer x50 md-x50 lg-x50 y50 md-y50 lg-y50 res-text\">\n                                <div class=\"text dark\">\n              \n              <div class=\"text-inner text-center\">\n                  \n<div class=\"gap-element\" style=\"display:block; height:auto; padding-top:20px\" class=\"clearfix\"><\/div>\n<h1 class=\"uppercase\"><a href=\"http:\/\/museupelligualada.cat\/espais\/#Cal-Granotes\">CAL GRANOTES<\/a><\/h1>\n<h3><span style=\"color: #f99b1c; font-size: 75%;\">Cet espace<\/span><\/h3>\n<h3><span style=\"color: #ff6600; font-size: 75%;\">SERA FERM\u00c9<\/span><\/h3>\n<h3><span style=\"color: #f99b1c; font-size: 75%;\">jusqu&rsquo;au second semestre 2025 pour le remodelage du b\u00e2timent et l&rsquo;installation d&rsquo;une nouvelle mus\u00e9ographie plus immersive, accessible et durable.<\/span><\/h3>\n              <\/div>\n           <\/div><!-- text-box-inner -->\n                            \n<style scope=\"scope\">\n\n#text-box-106518519 {\n  width: 55%;\n}\n#text-box-106518519 .text {\n  font-size: 100%;\n}\n<\/style>\n    <\/div><!-- text-box -->\n \n        <\/div><!-- .banner-layers -->\n      <\/div><!-- .banner-inner -->\n\n            \n<style scope=\"scope\">\n\n#banner-1782456812 {\n  padding-top: 458px;\n  background-color: rgba(9, 9, 9, 0.12);\n}\n#banner-1782456812 .bg.bg-loaded {\n  background-image: url(https:\/\/museupelligualada.cat\/wp-content\/uploads\/Cal-Granotes-clots.jpg);\n}\n#banner-1782456812 .overlay {\n  background-color: rgba(0, 0, 0, 0.32);\n}\n#banner-1782456812 .bg {\n  background-position: 75% 10%;\n}\n\n\n@media (min-width:550px) {\n\n  #banner-1782456812 {\n    padding-top: 100%;\n  }\n\n}\n<\/style>\n  <\/div><!-- .banner -->\n\n\n     <\/div>\n\n     <div class=\"loading-spin dark large centered\"><\/div>\n\n     <style scope=\"scope\">\n             <\/style>\n<\/div><!-- .ux-slider-wrapper -->\n\n\n<div class=\"gap-element\" style=\"display:block; height:auto; padding-top:30px\" class=\"clearfix\"><\/div>\n\n  <div class=\"banner has-hover\" id=\"banner-1457346000\">\n          <div class=\"banner-inner fill\">\n        <div class=\"banner-bg fill\" >\n            <div class=\"bg fill bg-fill \"><\/div>\n                                    \n                    <\/div><!-- bg-layers -->\n        <div class=\"banner-layers container\">\n            <a href=\"https:\/\/www.recigualada.cat\/index.php\/fr\/\"  class=\"fill\"><div class=\"fill banner-link\"><\/div><\/a>            \n   <div id=\"text-box-412387852\" class=\"text-box banner-layer x50 md-x50 lg-x50 y50 md-y50 lg-y50 res-text\">\n                                <div class=\"text dark\">\n              \n              <div class=\"text-inner text-center\">\n                  \n<h1><a href=\"https:\/\/www.recigualada.cat\/index.php\/fr\/\" target=\"_blank\" rel=\"noopener\"><span style=\"font-size: 95%; color: #ff6600;\">Quartier du Rec d&rsquo;Igualada<\/span><\/a><\/h1>\n<h3><a href=\"https:\/\/www.recigualada.cat\/index.php\/fr\/\"><span style=\"font-size: 90%; color: #000000;\">Embl\u00e8me du patrimoine industriel catalan<\/span><\/a><\/h3>\n              <\/div>\n           <\/div><!-- text-box-inner -->\n                            \n<style scope=\"scope\">\n\n#text-box-412387852 {\n  width: 64%;\n}\n#text-box-412387852 .text {\n  font-size: 100%;\n}\n<\/style>\n    <\/div><!-- text-box -->\n \n        <\/div><!-- .banner-layers -->\n      <\/div><!-- .banner-inner -->\n\n            \n<style scope=\"scope\">\n\n#banner-1457346000 {\n  padding-top: 500px;\n}\n#banner-1457346000 .bg.bg-loaded {\n  background-image: url(https:\/\/museupelligualada.cat\/wp-content\/uploads\/web.banner_1-1600x589.jpg);\n}\n<\/style>\n  <\/div><!-- .banner -->\n\n\n<div class=\"gap-element\" style=\"display:block; height:auto; padding-top:30px\" class=\"clearfix\"><\/div>\n<div class=\"video video-fit mb\" style=\"padding-top:56.25%;\"><p><iframe loading=\"lazy\" title=\"RECorreguts Itin\u00e9raires \u00e0 travers le quartier du Rec, embl\u00e8me du patrimoine industriel catalan.\" width=\"1020\" height=\"574\" src=\"https:\/\/www.youtube.com\/embed\/360381H4XQQ?feature=oembed\" frameborder=\"0\" allow=\"accelerometer; autoplay; clipboard-write; encrypted-media; gyroscope; picture-in-picture; web-share\" referrerpolicy=\"strict-origin-when-cross-origin\" allowfullscreen><\/iframe><\/p>\n<\/div>\n","protected":false},"excerpt":{"rendered":"","protected":false},"author":1,"featured_media":0,"parent":0,"menu_order":0,"comment_status":"closed","ping_status":"closed","template":"page-transparent-header.php","meta":{"footnotes":""},"class_list":["post-4443","page","type-page","status-publish","hentry"],"_links":{"self":[{"href":"https:\/\/museupelligualada.cat\/fr\/wp-json\/wp\/v2\/pages\/4443","targetHints":{"allow":["GET"]}}],"collection":[{"href":"https:\/\/museupelligualada.cat\/fr\/wp-json\/wp\/v2\/pages"}],"about":[{"href":"https:\/\/museupelligualada.cat\/fr\/wp-json\/wp\/v2\/types\/page"}],"author":[{"embeddable":true,"href":"https:\/\/museupelligualada.cat\/fr\/wp-json\/wp\/v2\/users\/1"}],"replies":[{"embeddable":true,"href":"https:\/\/museupelligualada.cat\/fr\/wp-json\/wp\/v2\/comments?post=4443"}],"version-history":[{"count":4,"href":"https:\/\/museupelligualada.cat\/fr\/wp-json\/wp\/v2\/pages\/4443\/revisions"}],"predecessor-version":[{"id":25307,"href":"https:\/\/museupelligualada.cat\/fr\/wp-json\/wp\/v2\/pages\/4443\/revisions\/25307"}],"wp:attachment":[{"href":"https:\/\/museupelligualada.cat\/fr\/wp-json\/wp\/v2\/media?parent=4443"}],"curies":[{"name":"wp","href":"https:\/\/api.w.org\/{rel}","templated":true}]}}